{"id":16,"date":"2018-10-21T20:37:52","date_gmt":"2018-10-21T18:37:52","guid":{"rendered":"https:\/\/mrdrautz.de\/es\/?page_id=16"},"modified":"2023-12-17T22:47:11","modified_gmt":"2023-12-17T21:47:11","slug":"traducciones","status":"publish","type":"page","link":"https:\/\/mrdrautz.de\/es\/traducciones\/","title":{"rendered":"Traducciones"},"content":{"rendered":"<p style=\"clear: both; margin-bottom: 1em; padding: 1em 0;\"><img loading=\"lazy\" class=\"alignright size-medium wp-image-70\" src=\"https:\/\/mrdrautz.de\/es\/wp-content\/uploads\/sites\/2\/2018\/10\/hammer-719066_1920-300x225.jpg\" alt=\"\" width=\"300\" height=\"225\" srcset=\"https:\/\/mrdrautz.de\/es\/wp-content\/uploads\/sites\/2\/2018\/10\/hammer-719066_1920-300x225.jpg 300w, https:\/\/mrdrautz.de\/es\/wp-content\/uploads\/sites\/2\/2018\/10\/hammer-719066_1920-768x576.jpg 768w, https:\/\/mrdrautz.de\/es\/wp-content\/uploads\/sites\/2\/2018\/10\/hammer-719066_1920-1024x768.jpg 1024w, https:\/\/mrdrautz.de\/es\/wp-content\/uploads\/sites\/2\/2018\/10\/hammer-719066_1920.jpg 1920w\" sizes=\"(max-width: 300px) 100vw, 300px\" \/><strong>Traducciones<\/strong><br \/>\n\u00c1reas: medicina, legal, derecho p\u00fablico y mercantil, publicidad<br \/>\notras \u00e1reas son igualmente traducidas con la misma exactitud y profesionalismo.<\/p>\n<p style=\"clear: both; padding: 1em 0;\"><img loading=\"lazy\" class=\"alignright size-medium wp-image-71\" src=\"https:\/\/mrdrautz.de\/es\/wp-content\/uploads\/sites\/2\/2018\/10\/contract-1464917_1280-300x200.jpg\" alt=\"\" width=\"300\" height=\"200\" srcset=\"https:\/\/mrdrautz.de\/es\/wp-content\/uploads\/sites\/2\/2018\/10\/contract-1464917_1280-300x200.jpg 300w, https:\/\/mrdrautz.de\/es\/wp-content\/uploads\/sites\/2\/2018\/10\/contract-1464917_1280-768x512.jpg 768w, https:\/\/mrdrautz.de\/es\/wp-content\/uploads\/sites\/2\/2018\/10\/contract-1464917_1280-1024x682.jpg 1024w, https:\/\/mrdrautz.de\/es\/wp-content\/uploads\/sites\/2\/2018\/10\/contract-1464917_1280-1170x782.jpg 1170w, https:\/\/mrdrautz.de\/es\/wp-content\/uploads\/sites\/2\/2018\/10\/contract-1464917_1280.jpg 1280w\" sizes=\"(max-width: 300px) 100vw, 300px\" \/><strong>Traducciones certificadas (juradas)<\/strong><br \/>\nDependencias e instituciones oficiales requieren, por lo general, traducciones juradas a fin de garantizar la veracidad y certeza del contenido del documento original.<\/p>\n<p style=\"clear: both; margin-top: 6em; padding: 1em 0;\">En virtud de ser traductora jurada, puedo certificar la integridad y autenticidad de los documentos que me son encomendados para su traducci\u00f3n. Lo anterior, para su presentaci\u00f3n tanto ante los tribunales, como ante diversas autoridades e instituciones acad\u00e9micas.<\/p>\n","protected":false},"excerpt":{"rendered":"<p>Traducciones \u00c1reas: medicina, legal, derecho p\u00fablico y mercantil, publicidad otras \u00e1reas son igualmente traducidas con la misma exactitud y profesionalismo. Traducciones certificadas (juradas) Dependencias e instituciones oficiales requieren, por lo general, traducciones juradas a fin de garantizar la veracidad y certeza del contenido del documento original. En virtud de ser traductora jurada, puedo certificar la [&hellip;]<\/p>\n","protected":false},"author":1,"featured_media":0,"parent":0,"menu_order":0,"comment_status":"closed","ping_status":"closed","template":"","meta":[],"yoast_head":"<!-- This site is optimized with the Yoast SEO plugin v17.9 - https:\/\/yoast.com\/wordpress\/plugins\/seo\/ -->\n<title>Traducciones - Mar\u00eda del Roc\u00edo Drautz<\/title>\n<meta name=\"robots\" content=\"index, follow, max-snippet:-1, max-image-preview:large, max-video-preview:-1\" \/>\n<link rel=\"canonical\" href=\"https:\/\/mrdrautz.de\/es\/traducciones\/\" \/>\n<meta property=\"og:locale\" content=\"es_ES\" \/>\n<meta property=\"og:type\" content=\"article\" \/>\n<meta property=\"og:title\" content=\"Traducciones - Mar\u00eda del Roc\u00edo Drautz\" \/>\n<meta property=\"og:description\" content=\"Traducciones \u00c1reas: medicina, legal, derecho p\u00fablico y mercantil, publicidad otras \u00e1reas son igualmente traducidas con la misma exactitud y profesionalismo. Traducciones certificadas (juradas) Dependencias e instituciones oficiales requieren, por lo general, traducciones juradas a fin de garantizar la veracidad y certeza del contenido del documento original. En virtud de ser traductora jurada, puedo certificar la [&hellip;]\" \/>\n<meta property=\"og:url\" content=\"https:\/\/mrdrautz.de\/es\/traducciones\/\" \/>\n<meta property=\"og:site_name\" content=\"Mar\u00eda del Roc\u00edo Drautz\" \/>\n<meta property=\"article:modified_time\" content=\"2023-12-17T21:47:11+00:00\" \/>\n<meta property=\"og:image\" content=\"https:\/\/mrdrautz.de\/es\/wp-content\/uploads\/sites\/2\/2018\/10\/hammer-719066_1920-300x225.jpg\" \/>\n<meta name=\"twitter:card\" content=\"summary_large_image\" \/>\n<script type=\"application\/ld+json\" class=\"yoast-schema-graph\">{\"@context\":\"https:\/\/schema.org\",\"@graph\":[{\"@type\":\"WebSite\",\"@id\":\"https:\/\/mrdrautz.de\/es\/#website\",\"url\":\"https:\/\/mrdrautz.de\/es\/\",\"name\":\"Mar\\u00eda del Roc\\u00edo Drautz\",\"description\":\"Traductor &amp; Int\\u00e9rprete\",\"potentialAction\":[{\"@type\":\"SearchAction\",\"target\":{\"@type\":\"EntryPoint\",\"urlTemplate\":\"https:\/\/mrdrautz.de\/es\/?s={search_term_string}\"},\"query-input\":\"required name=search_term_string\"}],\"inLanguage\":\"es\"},{\"@type\":\"ImageObject\",\"@id\":\"https:\/\/mrdrautz.de\/es\/traducciones\/#primaryimage\",\"inLanguage\":\"es\",\"url\":\"https:\/\/mrdrautz.de\/es\/wp-content\/uploads\/sites\/2\/2018\/10\/hammer-719066_1920.jpg\",\"contentUrl\":\"https:\/\/mrdrautz.de\/es\/wp-content\/uploads\/sites\/2\/2018\/10\/hammer-719066_1920.jpg\",\"width\":1920,\"height\":1440},{\"@type\":\"WebPage\",\"@id\":\"https:\/\/mrdrautz.de\/es\/traducciones\/#webpage\",\"url\":\"https:\/\/mrdrautz.de\/es\/traducciones\/\",\"name\":\"Traducciones - Mar\\u00eda del Roc\\u00edo Drautz\",\"isPartOf\":{\"@id\":\"https:\/\/mrdrautz.de\/es\/#website\"},\"primaryImageOfPage\":{\"@id\":\"https:\/\/mrdrautz.de\/es\/traducciones\/#primaryimage\"},\"datePublished\":\"2018-10-21T18:37:52+00:00\",\"dateModified\":\"2023-12-17T21:47:11+00:00\",\"breadcrumb\":{\"@id\":\"https:\/\/mrdrautz.de\/es\/traducciones\/#breadcrumb\"},\"inLanguage\":\"es\",\"potentialAction\":[{\"@type\":\"ReadAction\",\"target\":[\"https:\/\/mrdrautz.de\/es\/traducciones\/\"]}]},{\"@type\":\"BreadcrumbList\",\"@id\":\"https:\/\/mrdrautz.de\/es\/traducciones\/#breadcrumb\",\"itemListElement\":[{\"@type\":\"ListItem\",\"position\":1,\"name\":\"Startseite\",\"item\":\"https:\/\/mrdrautz.de\/es\/\"},{\"@type\":\"ListItem\",\"position\":2,\"name\":\"Traducciones\"}]}]}<\/script>\n<!-- \/ Yoast SEO plugin. -->","yoast_head_json":{"title":"Traducciones - Mar\u00eda del Roc\u00edo Drautz","robots":{"index":"index","follow":"follow","max-snippet":"max-snippet:-1","max-image-preview":"max-image-preview:large","max-video-preview":"max-video-preview:-1"},"canonical":"https:\/\/mrdrautz.de\/es\/traducciones\/","og_locale":"es_ES","og_type":"article","og_title":"Traducciones - Mar\u00eda del Roc\u00edo Drautz","og_description":"Traducciones \u00c1reas: medicina, legal, derecho p\u00fablico y mercantil, publicidad otras \u00e1reas son igualmente traducidas con la misma exactitud y profesionalismo. Traducciones certificadas (juradas) Dependencias e instituciones oficiales requieren, por lo general, traducciones juradas a fin de garantizar la veracidad y certeza del contenido del documento original. En virtud de ser traductora jurada, puedo certificar la [&hellip;]","og_url":"https:\/\/mrdrautz.de\/es\/traducciones\/","og_site_name":"Mar\u00eda del Roc\u00edo Drautz","article_modified_time":"2023-12-17T21:47:11+00:00","og_image":[{"url":"https:\/\/mrdrautz.de\/es\/wp-content\/uploads\/sites\/2\/2018\/10\/hammer-719066_1920-300x225.jpg"}],"twitter_card":"summary_large_image","schema":{"@context":"https:\/\/schema.org","@graph":[{"@type":"WebSite","@id":"https:\/\/mrdrautz.de\/es\/#website","url":"https:\/\/mrdrautz.de\/es\/","name":"Mar\u00eda del Roc\u00edo Drautz","description":"Traductor &amp; Int\u00e9rprete","potentialAction":[{"@type":"SearchAction","target":{"@type":"EntryPoint","urlTemplate":"https:\/\/mrdrautz.de\/es\/?s={search_term_string}"},"query-input":"required name=search_term_string"}],"inLanguage":"es"},{"@type":"ImageObject","@id":"https:\/\/mrdrautz.de\/es\/traducciones\/#primaryimage","inLanguage":"es","url":"https:\/\/mrdrautz.de\/es\/wp-content\/uploads\/sites\/2\/2018\/10\/hammer-719066_1920.jpg","contentUrl":"https:\/\/mrdrautz.de\/es\/wp-content\/uploads\/sites\/2\/2018\/10\/hammer-719066_1920.jpg","width":1920,"height":1440},{"@type":"WebPage","@id":"https:\/\/mrdrautz.de\/es\/traducciones\/#webpage","url":"https:\/\/mrdrautz.de\/es\/traducciones\/","name":"Traducciones - Mar\u00eda del Roc\u00edo Drautz","isPartOf":{"@id":"https:\/\/mrdrautz.de\/es\/#website"},"primaryImageOfPage":{"@id":"https:\/\/mrdrautz.de\/es\/traducciones\/#primaryimage"},"datePublished":"2018-10-21T18:37:52+00:00","dateModified":"2023-12-17T21:47:11+00:00","breadcrumb":{"@id":"https:\/\/mrdrautz.de\/es\/traducciones\/#breadcrumb"},"inLanguage":"es","potentialAction":[{"@type":"ReadAction","target":["https:\/\/mrdrautz.de\/es\/traducciones\/"]}]},{"@type":"BreadcrumbList","@id":"https:\/\/mrdrautz.de\/es\/traducciones\/#breadcrumb","itemListElement":[{"@type":"ListItem","position":1,"name":"Startseite","item":"https:\/\/mrdrautz.de\/es\/"},{"@type":"ListItem","position":2,"name":"Traducciones"}]}]}},"_links":{"self":[{"href":"https:\/\/mrdrautz.de\/es\/wp-json\/wp\/v2\/pages\/16"}],"collection":[{"href":"https:\/\/mrdrautz.de\/es\/wp-json\/wp\/v2\/pages"}],"about":[{"href":"https:\/\/mrdrautz.de\/es\/wp-json\/wp\/v2\/types\/page"}],"author":[{"embeddable":true,"href":"https:\/\/mrdrautz.de\/es\/wp-json\/wp\/v2\/users\/1"}],"replies":[{"embeddable":true,"href":"https:\/\/mrdrautz.de\/es\/wp-json\/wp\/v2\/comments?post=16"}],"version-history":[{"count":8,"href":"https:\/\/mrdrautz.de\/es\/wp-json\/wp\/v2\/pages\/16\/revisions"}],"predecessor-version":[{"id":96,"href":"https:\/\/mrdrautz.de\/es\/wp-json\/wp\/v2\/pages\/16\/revisions\/96"}],"wp:attachment":[{"href":"https:\/\/mrdrautz.de\/es\/wp-json\/wp\/v2\/media?parent=16"}],"curies":[{"name":"wp","href":"https:\/\/api.w.org\/{rel}","templated":true}]}}