{"id":20,"date":"2018-10-21T20:39:46","date_gmt":"2018-10-21T18:39:46","guid":{"rendered":"https:\/\/mrdrautz.de\/es\/?page_id=20"},"modified":"2018-10-24T21:27:36","modified_gmt":"2018-10-24T19:27:36","slug":"interpretacion","status":"publish","type":"page","link":"https:\/\/mrdrautz.de\/es\/interpretacion\/","title":{"rendered":"Interpretaci\u00f3n"},"content":{"rendered":"<p><img loading=\"lazy\" src=\"https:\/\/mrdrautz.de\/es\/wp-content\/uploads\/sites\/2\/2018\/10\/business-3167295_1280-300x200.jpg\" alt=\"\" width=\"300\" height=\"200\" class=\"alignright size-medium wp-image-68\" srcset=\"https:\/\/mrdrautz.de\/es\/wp-content\/uploads\/sites\/2\/2018\/10\/business-3167295_1280-300x200.jpg 300w, https:\/\/mrdrautz.de\/es\/wp-content\/uploads\/sites\/2\/2018\/10\/business-3167295_1280-768x512.jpg 768w, https:\/\/mrdrautz.de\/es\/wp-content\/uploads\/sites\/2\/2018\/10\/business-3167295_1280-1024x682.jpg 1024w, https:\/\/mrdrautz.de\/es\/wp-content\/uploads\/sites\/2\/2018\/10\/business-3167295_1280-1170x782.jpg 1170w, https:\/\/mrdrautz.de\/es\/wp-content\/uploads\/sites\/2\/2018\/10\/business-3167295_1280.jpg 1280w\" sizes=\"(max-width: 300px) 100vw, 300px\" \/>Int\u00e9rprete para empresas privadas, diversas dependencias, tribunales, abogados y hospitales, entre otros.<\/p>\n<p>Las actuaciones de interpretaci\u00f3n pueden ser consecutivas, es decir, la interpretaci\u00f3n sigue a la frase formulada.<br \/>\nLa interpretaci\u00f3n simult\u00e1nea implica la transmisi\u00f3n al momento mismo de la frase formulada. El t\u00e9rmino \u00absimult\u00e1neo\u00bb se refiere al hecho de que el int\u00e9rprete debe o\u00edr y hablar simult\u00e1neamente.<\/p>\n","protected":false},"excerpt":{"rendered":"<p>Int\u00e9rprete para empresas privadas, diversas dependencias, tribunales, abogados y hospitales, entre otros. Las actuaciones de interpretaci\u00f3n pueden ser consecutivas, es decir, la interpretaci\u00f3n sigue a la frase formulada. La interpretaci\u00f3n simult\u00e1nea implica la transmisi\u00f3n al momento mismo de la frase formulada. El t\u00e9rmino \u00absimult\u00e1neo\u00bb se refiere al hecho de que el int\u00e9rprete debe o\u00edr y [&hellip;]<\/p>\n","protected":false},"author":1,"featured_media":0,"parent":0,"menu_order":0,"comment_status":"closed","ping_status":"closed","template":"","meta":[],"yoast_head":"<!-- This site is optimized with the Yoast SEO plugin v17.9 - https:\/\/yoast.com\/wordpress\/plugins\/seo\/ -->\n<title>Interpretaci\u00f3n - Mar\u00eda del Roc\u00edo Drautz<\/title>\n<meta name=\"robots\" content=\"index, follow, max-snippet:-1, max-image-preview:large, max-video-preview:-1\" \/>\n<link rel=\"canonical\" href=\"https:\/\/mrdrautz.de\/es\/interpretacion\/\" \/>\n<meta property=\"og:locale\" content=\"es_ES\" \/>\n<meta property=\"og:type\" content=\"article\" \/>\n<meta property=\"og:title\" content=\"Interpretaci\u00f3n - Mar\u00eda del Roc\u00edo Drautz\" \/>\n<meta property=\"og:description\" content=\"Int\u00e9rprete para empresas privadas, diversas dependencias, tribunales, abogados y hospitales, entre otros. Las actuaciones de interpretaci\u00f3n pueden ser consecutivas, es decir, la interpretaci\u00f3n sigue a la frase formulada. La interpretaci\u00f3n simult\u00e1nea implica la transmisi\u00f3n al momento mismo de la frase formulada. El t\u00e9rmino \u00absimult\u00e1neo\u00bb se refiere al hecho de que el int\u00e9rprete debe o\u00edr y [&hellip;]\" \/>\n<meta property=\"og:url\" content=\"https:\/\/mrdrautz.de\/es\/interpretacion\/\" \/>\n<meta property=\"og:site_name\" content=\"Mar\u00eda del Roc\u00edo Drautz\" \/>\n<meta property=\"article:modified_time\" content=\"2018-10-24T19:27:36+00:00\" \/>\n<meta property=\"og:image\" content=\"https:\/\/mrdrautz.de\/es\/wp-content\/uploads\/sites\/2\/2018\/10\/business-3167295_1280-300x200.jpg\" \/>\n<meta name=\"twitter:card\" content=\"summary_large_image\" \/>\n<script type=\"application\/ld+json\" class=\"yoast-schema-graph\">{\"@context\":\"https:\/\/schema.org\",\"@graph\":[{\"@type\":\"WebSite\",\"@id\":\"https:\/\/mrdrautz.de\/es\/#website\",\"url\":\"https:\/\/mrdrautz.de\/es\/\",\"name\":\"Mar\\u00eda del Roc\\u00edo Drautz\",\"description\":\"Traductor &amp; Int\\u00e9rprete\",\"potentialAction\":[{\"@type\":\"SearchAction\",\"target\":{\"@type\":\"EntryPoint\",\"urlTemplate\":\"https:\/\/mrdrautz.de\/es\/?s={search_term_string}\"},\"query-input\":\"required name=search_term_string\"}],\"inLanguage\":\"es\"},{\"@type\":\"ImageObject\",\"@id\":\"https:\/\/mrdrautz.de\/es\/interpretacion\/#primaryimage\",\"inLanguage\":\"es\",\"url\":\"https:\/\/mrdrautz.de\/es\/wp-content\/uploads\/sites\/2\/2018\/10\/business-3167295_1280.jpg\",\"contentUrl\":\"https:\/\/mrdrautz.de\/es\/wp-content\/uploads\/sites\/2\/2018\/10\/business-3167295_1280.jpg\",\"width\":1280,\"height\":853},{\"@type\":\"WebPage\",\"@id\":\"https:\/\/mrdrautz.de\/es\/interpretacion\/#webpage\",\"url\":\"https:\/\/mrdrautz.de\/es\/interpretacion\/\",\"name\":\"Interpretaci\\u00f3n - Mar\\u00eda del Roc\\u00edo Drautz\",\"isPartOf\":{\"@id\":\"https:\/\/mrdrautz.de\/es\/#website\"},\"primaryImageOfPage\":{\"@id\":\"https:\/\/mrdrautz.de\/es\/interpretacion\/#primaryimage\"},\"datePublished\":\"2018-10-21T18:39:46+00:00\",\"dateModified\":\"2018-10-24T19:27:36+00:00\",\"breadcrumb\":{\"@id\":\"https:\/\/mrdrautz.de\/es\/interpretacion\/#breadcrumb\"},\"inLanguage\":\"es\",\"potentialAction\":[{\"@type\":\"ReadAction\",\"target\":[\"https:\/\/mrdrautz.de\/es\/interpretacion\/\"]}]},{\"@type\":\"BreadcrumbList\",\"@id\":\"https:\/\/mrdrautz.de\/es\/interpretacion\/#breadcrumb\",\"itemListElement\":[{\"@type\":\"ListItem\",\"position\":1,\"name\":\"Startseite\",\"item\":\"https:\/\/mrdrautz.de\/es\/\"},{\"@type\":\"ListItem\",\"position\":2,\"name\":\"Interpretaci\\u00f3n\"}]}]}<\/script>\n<!-- \/ Yoast SEO plugin. -->","yoast_head_json":{"title":"Interpretaci\u00f3n - Mar\u00eda del Roc\u00edo Drautz","robots":{"index":"index","follow":"follow","max-snippet":"max-snippet:-1","max-image-preview":"max-image-preview:large","max-video-preview":"max-video-preview:-1"},"canonical":"https:\/\/mrdrautz.de\/es\/interpretacion\/","og_locale":"es_ES","og_type":"article","og_title":"Interpretaci\u00f3n - Mar\u00eda del Roc\u00edo Drautz","og_description":"Int\u00e9rprete para empresas privadas, diversas dependencias, tribunales, abogados y hospitales, entre otros. Las actuaciones de interpretaci\u00f3n pueden ser consecutivas, es decir, la interpretaci\u00f3n sigue a la frase formulada. La interpretaci\u00f3n simult\u00e1nea implica la transmisi\u00f3n al momento mismo de la frase formulada. El t\u00e9rmino \u00absimult\u00e1neo\u00bb se refiere al hecho de que el int\u00e9rprete debe o\u00edr y [&hellip;]","og_url":"https:\/\/mrdrautz.de\/es\/interpretacion\/","og_site_name":"Mar\u00eda del Roc\u00edo Drautz","article_modified_time":"2018-10-24T19:27:36+00:00","og_image":[{"url":"https:\/\/mrdrautz.de\/es\/wp-content\/uploads\/sites\/2\/2018\/10\/business-3167295_1280-300x200.jpg"}],"twitter_card":"summary_large_image","schema":{"@context":"https:\/\/schema.org","@graph":[{"@type":"WebSite","@id":"https:\/\/mrdrautz.de\/es\/#website","url":"https:\/\/mrdrautz.de\/es\/","name":"Mar\u00eda del Roc\u00edo Drautz","description":"Traductor &amp; Int\u00e9rprete","potentialAction":[{"@type":"SearchAction","target":{"@type":"EntryPoint","urlTemplate":"https:\/\/mrdrautz.de\/es\/?s={search_term_string}"},"query-input":"required name=search_term_string"}],"inLanguage":"es"},{"@type":"ImageObject","@id":"https:\/\/mrdrautz.de\/es\/interpretacion\/#primaryimage","inLanguage":"es","url":"https:\/\/mrdrautz.de\/es\/wp-content\/uploads\/sites\/2\/2018\/10\/business-3167295_1280.jpg","contentUrl":"https:\/\/mrdrautz.de\/es\/wp-content\/uploads\/sites\/2\/2018\/10\/business-3167295_1280.jpg","width":1280,"height":853},{"@type":"WebPage","@id":"https:\/\/mrdrautz.de\/es\/interpretacion\/#webpage","url":"https:\/\/mrdrautz.de\/es\/interpretacion\/","name":"Interpretaci\u00f3n - Mar\u00eda del Roc\u00edo Drautz","isPartOf":{"@id":"https:\/\/mrdrautz.de\/es\/#website"},"primaryImageOfPage":{"@id":"https:\/\/mrdrautz.de\/es\/interpretacion\/#primaryimage"},"datePublished":"2018-10-21T18:39:46+00:00","dateModified":"2018-10-24T19:27:36+00:00","breadcrumb":{"@id":"https:\/\/mrdrautz.de\/es\/interpretacion\/#breadcrumb"},"inLanguage":"es","potentialAction":[{"@type":"ReadAction","target":["https:\/\/mrdrautz.de\/es\/interpretacion\/"]}]},{"@type":"BreadcrumbList","@id":"https:\/\/mrdrautz.de\/es\/interpretacion\/#breadcrumb","itemListElement":[{"@type":"ListItem","position":1,"name":"Startseite","item":"https:\/\/mrdrautz.de\/es\/"},{"@type":"ListItem","position":2,"name":"Interpretaci\u00f3n"}]}]}},"_links":{"self":[{"href":"https:\/\/mrdrautz.de\/es\/wp-json\/wp\/v2\/pages\/20"}],"collection":[{"href":"https:\/\/mrdrautz.de\/es\/wp-json\/wp\/v2\/pages"}],"about":[{"href":"https:\/\/mrdrautz.de\/es\/wp-json\/wp\/v2\/types\/page"}],"author":[{"embeddable":true,"href":"https:\/\/mrdrautz.de\/es\/wp-json\/wp\/v2\/users\/1"}],"replies":[{"embeddable":true,"href":"https:\/\/mrdrautz.de\/es\/wp-json\/wp\/v2\/comments?post=20"}],"version-history":[{"count":3,"href":"https:\/\/mrdrautz.de\/es\/wp-json\/wp\/v2\/pages\/20\/revisions"}],"predecessor-version":[{"id":69,"href":"https:\/\/mrdrautz.de\/es\/wp-json\/wp\/v2\/pages\/20\/revisions\/69"}],"wp:attachment":[{"href":"https:\/\/mrdrautz.de\/es\/wp-json\/wp\/v2\/media?parent=20"}],"curies":[{"name":"wp","href":"https:\/\/api.w.org\/{rel}","templated":true}]}}