{"id":22,"date":"2018-10-21T20:43:56","date_gmt":"2018-10-21T18:43:56","guid":{"rendered":"https:\/\/mrdrautz.de\/es\/?page_id=22"},"modified":"2018-11-06T20:40:54","modified_gmt":"2018-11-06T19:40:54","slug":"cursos-de-espanol","status":"publish","type":"page","link":"https:\/\/mrdrautz.de\/es\/cursos-de-espanol\/","title":{"rendered":"Cursos de Espa\u00f1ol"},"content":{"rendered":"<table>\n<tbody>\n<tr valign=\"top\">\n<td>\n<p>Con gusto le ayudo a mejorar su capacidad ling\u00fc\u00edstica del idioma espa\u00f1ol.<\/p>\n<p><strong>Para ni\u00f1os entre 3 y 6 a\u00f1os<\/strong><\/p>\n<ul class=\"myli\">\n<li>Aprender jugando<\/li>\n<li>Empleo de recursos musicales, gr\u00e1ficos e interactivos<\/li>\n<\/ul>\n<p><strong>Escolares<\/strong><\/p>\n<ul class=\"myli\">\n<li>Cursos peri\u00f3dicos y de regularizaci\u00f3n. <\/li>\n<li>Planeaci\u00f3n de acuerdo a la necesidad individual de cada alumno.<\/li>\n<li>Contenidos de acuerdo al Marco Com\u00fan Europeo o de conformidad con el programa de educaci\u00f3n b\u00e1sico de NRW\n<\/li>\n<\/ul>\n<p><strong>Para adultos<\/strong><\/p>\n<ul class=\"myli\">\n<li>Individualizado o en grupos peque\u00f1os <\/li>\n<li>Para empresas<\/li>\n<li>Concepto de instrucci\u00f3n  individualizado, mismo que se concibe para cubrir Sus objetivos particulares<\/li>\n<li>Cursos intensivos \/ cursos r\u00e1pidos, por ejemplo, como preparaci\u00f3n para Sus vacaciones o debido a cambio de residencia a alg\u00fan pa\u00eds de habla hispana.<\/li>\n<\/ul>\n<\/td>\n<td><img loading=\"lazy\" src=\"https:\/\/mrdrautz.de\/wp-content\/uploads\/2018\/10\/spanish-2938033_1920-1024x683.jpg\" alt=\"\" class=\"alignright size-large wp-image-84\" srcset=\"https:\/\/mrdrautz.de\/wp-content\/uploads\/2018\/10\/spanish-2938033_1920-1024x683.jpg 1024w, https:\/\/mrdrautz.de\/wp-content\/uploads\/2018\/10\/spanish-2938033_1920-300x200.jpg 300w, https:\/\/mrdrautz.de\/wp-content\/uploads\/2018\/10\/spanish-2938033_1920-768x512.jpg 768w, https:\/\/mrdrautz.de\/wp-content\/uploads\/2018\/10\/spanish-2938033_1920-1170x782.jpg 1170w\" sizes=\"(max-width: 640px) 100vw, 640px\" width=\"640\" height=\"427\"><\/td>\n<\/tr>\n<\/tbody>\n<\/table>\n<style>\n.myli {\n\tfont-size: 15px;\nline-height: 26px;\nfont-weight: normal;\ncolor: #747474;\nfont-family: 'Andes', sans-serif;\n\tmargin-bottom:1.5em;\n}\n.myli li {\n\tlist-style-type: disc;\n\tmargin-left:20px;\n\t}\n<\/style>\n","protected":false},"excerpt":{"rendered":"<p>Con gusto le ayudo a mejorar su capacidad ling\u00fc\u00edstica del idioma espa\u00f1ol. Para ni\u00f1os entre 3 y 6 a\u00f1os Aprender jugando Empleo de recursos musicales, gr\u00e1ficos e interactivos Escolares Cursos peri\u00f3dicos y de regularizaci\u00f3n. Planeaci\u00f3n de acuerdo a la necesidad individual de cada alumno. Contenidos de acuerdo al Marco Com\u00fan Europeo o de conformidad con [&hellip;]<\/p>\n","protected":false},"author":1,"featured_media":0,"parent":0,"menu_order":0,"comment_status":"closed","ping_status":"closed","template":"","meta":[],"yoast_head":"<!-- This site is optimized with the Yoast SEO plugin v17.9 - https:\/\/yoast.com\/wordpress\/plugins\/seo\/ -->\n<title>Cursos de Espa\u00f1ol - Mar\u00eda del Roc\u00edo Drautz<\/title>\n<meta name=\"robots\" content=\"index, follow, max-snippet:-1, max-image-preview:large, max-video-preview:-1\" \/>\n<link rel=\"canonical\" href=\"https:\/\/mrdrautz.de\/es\/cursos-de-espanol\/\" \/>\n<meta property=\"og:locale\" content=\"es_ES\" \/>\n<meta property=\"og:type\" content=\"article\" \/>\n<meta property=\"og:title\" content=\"Cursos de Espa\u00f1ol - Mar\u00eda del Roc\u00edo Drautz\" \/>\n<meta property=\"og:description\" content=\"Con gusto le ayudo a mejorar su capacidad ling\u00fc\u00edstica del idioma espa\u00f1ol. Para ni\u00f1os entre 3 y 6 a\u00f1os Aprender jugando Empleo de recursos musicales, gr\u00e1ficos e interactivos Escolares Cursos peri\u00f3dicos y de regularizaci\u00f3n. Planeaci\u00f3n de acuerdo a la necesidad individual de cada alumno. Contenidos de acuerdo al Marco Com\u00fan Europeo o de conformidad con [&hellip;]\" \/>\n<meta property=\"og:url\" content=\"https:\/\/mrdrautz.de\/es\/cursos-de-espanol\/\" \/>\n<meta property=\"og:site_name\" content=\"Mar\u00eda del Roc\u00edo Drautz\" \/>\n<meta property=\"article:modified_time\" content=\"2018-11-06T19:40:54+00:00\" \/>\n<meta property=\"og:image\" content=\"https:\/\/mrdrautz.de\/wp-content\/uploads\/2018\/10\/spanish-2938033_1920-1024x683.jpg\" \/>\n<meta name=\"twitter:card\" content=\"summary_large_image\" \/>\n<meta name=\"twitter:label1\" content=\"Tiempo de lectura\" \/>\n\t<meta name=\"twitter:data1\" content=\"1 minuto\" \/>\n<script type=\"application\/ld+json\" class=\"yoast-schema-graph\">{\"@context\":\"https:\/\/schema.org\",\"@graph\":[{\"@type\":\"WebSite\",\"@id\":\"https:\/\/mrdrautz.de\/es\/#website\",\"url\":\"https:\/\/mrdrautz.de\/es\/\",\"name\":\"Mar\\u00eda del Roc\\u00edo Drautz\",\"description\":\"Traductor &amp; Int\\u00e9rprete\",\"potentialAction\":[{\"@type\":\"SearchAction\",\"target\":{\"@type\":\"EntryPoint\",\"urlTemplate\":\"https:\/\/mrdrautz.de\/es\/?s={search_term_string}\"},\"query-input\":\"required name=search_term_string\"}],\"inLanguage\":\"es\"},{\"@type\":\"ImageObject\",\"@id\":\"https:\/\/mrdrautz.de\/es\/cursos-de-espanol\/#primaryimage\",\"inLanguage\":\"es\",\"url\":\"https:\/\/mrdrautz.de\/wp-content\/uploads\/2018\/10\/spanish-2938033_1920-1024x683.jpg\",\"contentUrl\":\"https:\/\/mrdrautz.de\/wp-content\/uploads\/2018\/10\/spanish-2938033_1920-1024x683.jpg\"},{\"@type\":\"WebPage\",\"@id\":\"https:\/\/mrdrautz.de\/es\/cursos-de-espanol\/#webpage\",\"url\":\"https:\/\/mrdrautz.de\/es\/cursos-de-espanol\/\",\"name\":\"Cursos de Espa\\u00f1ol - Mar\\u00eda del Roc\\u00edo Drautz\",\"isPartOf\":{\"@id\":\"https:\/\/mrdrautz.de\/es\/#website\"},\"primaryImageOfPage\":{\"@id\":\"https:\/\/mrdrautz.de\/es\/cursos-de-espanol\/#primaryimage\"},\"datePublished\":\"2018-10-21T18:43:56+00:00\",\"dateModified\":\"2018-11-06T19:40:54+00:00\",\"breadcrumb\":{\"@id\":\"https:\/\/mrdrautz.de\/es\/cursos-de-espanol\/#breadcrumb\"},\"inLanguage\":\"es\",\"potentialAction\":[{\"@type\":\"ReadAction\",\"target\":[\"https:\/\/mrdrautz.de\/es\/cursos-de-espanol\/\"]}]},{\"@type\":\"BreadcrumbList\",\"@id\":\"https:\/\/mrdrautz.de\/es\/cursos-de-espanol\/#breadcrumb\",\"itemListElement\":[{\"@type\":\"ListItem\",\"position\":1,\"name\":\"Startseite\",\"item\":\"https:\/\/mrdrautz.de\/es\/\"},{\"@type\":\"ListItem\",\"position\":2,\"name\":\"Cursos de Espa\\u00f1ol\"}]}]}<\/script>\n<!-- \/ Yoast SEO plugin. -->","yoast_head_json":{"title":"Cursos de Espa\u00f1ol - Mar\u00eda del Roc\u00edo Drautz","robots":{"index":"index","follow":"follow","max-snippet":"max-snippet:-1","max-image-preview":"max-image-preview:large","max-video-preview":"max-video-preview:-1"},"canonical":"https:\/\/mrdrautz.de\/es\/cursos-de-espanol\/","og_locale":"es_ES","og_type":"article","og_title":"Cursos de Espa\u00f1ol - Mar\u00eda del Roc\u00edo Drautz","og_description":"Con gusto le ayudo a mejorar su capacidad ling\u00fc\u00edstica del idioma espa\u00f1ol. Para ni\u00f1os entre 3 y 6 a\u00f1os Aprender jugando Empleo de recursos musicales, gr\u00e1ficos e interactivos Escolares Cursos peri\u00f3dicos y de regularizaci\u00f3n. Planeaci\u00f3n de acuerdo a la necesidad individual de cada alumno. Contenidos de acuerdo al Marco Com\u00fan Europeo o de conformidad con [&hellip;]","og_url":"https:\/\/mrdrautz.de\/es\/cursos-de-espanol\/","og_site_name":"Mar\u00eda del Roc\u00edo Drautz","article_modified_time":"2018-11-06T19:40:54+00:00","og_image":[{"url":"https:\/\/mrdrautz.de\/wp-content\/uploads\/2018\/10\/spanish-2938033_1920-1024x683.jpg"}],"twitter_card":"summary_large_image","twitter_misc":{"Tiempo de lectura":"1 minuto"},"schema":{"@context":"https:\/\/schema.org","@graph":[{"@type":"WebSite","@id":"https:\/\/mrdrautz.de\/es\/#website","url":"https:\/\/mrdrautz.de\/es\/","name":"Mar\u00eda del Roc\u00edo Drautz","description":"Traductor &amp; Int\u00e9rprete","potentialAction":[{"@type":"SearchAction","target":{"@type":"EntryPoint","urlTemplate":"https:\/\/mrdrautz.de\/es\/?s={search_term_string}"},"query-input":"required name=search_term_string"}],"inLanguage":"es"},{"@type":"ImageObject","@id":"https:\/\/mrdrautz.de\/es\/cursos-de-espanol\/#primaryimage","inLanguage":"es","url":"https:\/\/mrdrautz.de\/wp-content\/uploads\/2018\/10\/spanish-2938033_1920-1024x683.jpg","contentUrl":"https:\/\/mrdrautz.de\/wp-content\/uploads\/2018\/10\/spanish-2938033_1920-1024x683.jpg"},{"@type":"WebPage","@id":"https:\/\/mrdrautz.de\/es\/cursos-de-espanol\/#webpage","url":"https:\/\/mrdrautz.de\/es\/cursos-de-espanol\/","name":"Cursos de Espa\u00f1ol - Mar\u00eda del Roc\u00edo Drautz","isPartOf":{"@id":"https:\/\/mrdrautz.de\/es\/#website"},"primaryImageOfPage":{"@id":"https:\/\/mrdrautz.de\/es\/cursos-de-espanol\/#primaryimage"},"datePublished":"2018-10-21T18:43:56+00:00","dateModified":"2018-11-06T19:40:54+00:00","breadcrumb":{"@id":"https:\/\/mrdrautz.de\/es\/cursos-de-espanol\/#breadcrumb"},"inLanguage":"es","potentialAction":[{"@type":"ReadAction","target":["https:\/\/mrdrautz.de\/es\/cursos-de-espanol\/"]}]},{"@type":"BreadcrumbList","@id":"https:\/\/mrdrautz.de\/es\/cursos-de-espanol\/#breadcrumb","itemListElement":[{"@type":"ListItem","position":1,"name":"Startseite","item":"https:\/\/mrdrautz.de\/es\/"},{"@type":"ListItem","position":2,"name":"Cursos de Espa\u00f1ol"}]}]}},"_links":{"self":[{"href":"https:\/\/mrdrautz.de\/es\/wp-json\/wp\/v2\/pages\/22"}],"collection":[{"href":"https:\/\/mrdrautz.de\/es\/wp-json\/wp\/v2\/pages"}],"about":[{"href":"https:\/\/mrdrautz.de\/es\/wp-json\/wp\/v2\/types\/page"}],"author":[{"embeddable":true,"href":"https:\/\/mrdrautz.de\/es\/wp-json\/wp\/v2\/users\/1"}],"replies":[{"embeddable":true,"href":"https:\/\/mrdrautz.de\/es\/wp-json\/wp\/v2\/comments?post=22"}],"version-history":[{"count":4,"href":"https:\/\/mrdrautz.de\/es\/wp-json\/wp\/v2\/pages\/22\/revisions"}],"predecessor-version":[{"id":83,"href":"https:\/\/mrdrautz.de\/es\/wp-json\/wp\/v2\/pages\/22\/revisions\/83"}],"wp:attachment":[{"href":"https:\/\/mrdrautz.de\/es\/wp-json\/wp\/v2\/media?parent=22"}],"curies":[{"name":"wp","href":"https:\/\/api.w.org\/{rel}","templated":true}]}}