{"id":24,"date":"2018-10-21T20:53:56","date_gmt":"2018-10-21T18:53:56","guid":{"rendered":"https:\/\/mrdrautz.de\/es\/?page_id=24"},"modified":"2018-10-24T21:25:04","modified_gmt":"2018-10-24T19:25:04","slug":"busqueda-lectorado","status":"publish","type":"page","link":"https:\/\/mrdrautz.de\/es\/busqueda-lectorado\/","title":{"rendered":"B\u00fasqueda &#038; Lectorado"},"content":{"rendered":"<table>\n<tbody>\n<tr>\n<td>\n<p><strong>B\u00fasqueda y Localizaci\u00f3n<\/strong><br \/>\nB\u00fasqueda en y de literatura especializada, procesos y procedimientos oficiales en pa\u00edses de habla hispana, as\u00ed como de instructivos, normatividad, legislaci\u00f3n, etc.<\/p>\n<p><strong>Lectorado y correcci\u00f3n<\/strong><br \/>\nRevisi\u00f3n y correcci\u00f3n de textos elaborados en idioma espa\u00f1ol.\n<\/p>\n<\/td>\n<td>\n<img loading=\"lazy\" src=\"https:\/\/mrdrautz.de\/wp-content\/uploads\/2018\/10\/open-book-1428428_1920-1024x769.jpg\" alt=\"\" class=\"alignright size-large wp-image-86\" srcset=\"https:\/\/mrdrautz.de\/wp-content\/uploads\/2018\/10\/open-book-1428428_1920-1024x769.jpg 1024w, https:\/\/mrdrautz.de\/wp-content\/uploads\/2018\/10\/open-book-1428428_1920-300x225.jpg 300w, https:\/\/mrdrautz.de\/wp-content\/uploads\/2018\/10\/open-book-1428428_1920-768x576.jpg 768w\" sizes=\"(max-width: 640px) 100vw, 640px\" width=\"640\" height=\"481\">\n<\/td>\n<\/tr>\n<\/tbody>\n<\/table>\n","protected":false},"excerpt":{"rendered":"<p>B\u00fasqueda y Localizaci\u00f3n B\u00fasqueda en y de literatura especializada, procesos y procedimientos oficiales en pa\u00edses de habla hispana, as\u00ed como de instructivos, normatividad, legislaci\u00f3n, etc. Lectorado y correcci\u00f3n Revisi\u00f3n y correcci\u00f3n de textos elaborados en idioma espa\u00f1ol.<\/p>\n","protected":false},"author":1,"featured_media":0,"parent":0,"menu_order":0,"comment_status":"closed","ping_status":"closed","template":"","meta":[],"yoast_head":"<!-- This site is optimized with the Yoast SEO plugin v17.9 - https:\/\/yoast.com\/wordpress\/plugins\/seo\/ -->\n<title>B\u00fasqueda &amp; Lectorado - Mar\u00eda del Roc\u00edo Drautz<\/title>\n<meta name=\"robots\" content=\"index, follow, max-snippet:-1, max-image-preview:large, max-video-preview:-1\" \/>\n<link rel=\"canonical\" href=\"https:\/\/mrdrautz.de\/es\/busqueda-lectorado\/\" \/>\n<meta property=\"og:locale\" content=\"es_ES\" \/>\n<meta property=\"og:type\" content=\"article\" \/>\n<meta property=\"og:title\" content=\"B\u00fasqueda &amp; Lectorado - Mar\u00eda del Roc\u00edo Drautz\" \/>\n<meta property=\"og:description\" content=\"B\u00fasqueda y Localizaci\u00f3n B\u00fasqueda en y de literatura especializada, procesos y procedimientos oficiales en pa\u00edses de habla hispana, as\u00ed como de instructivos, normatividad, legislaci\u00f3n, etc. Lectorado y correcci\u00f3n Revisi\u00f3n y correcci\u00f3n de textos elaborados en idioma espa\u00f1ol.\" \/>\n<meta property=\"og:url\" content=\"https:\/\/mrdrautz.de\/es\/busqueda-lectorado\/\" \/>\n<meta property=\"og:site_name\" content=\"Mar\u00eda del Roc\u00edo Drautz\" \/>\n<meta property=\"article:modified_time\" content=\"2018-10-24T19:25:04+00:00\" \/>\n<meta property=\"og:image\" content=\"https:\/\/mrdrautz.de\/wp-content\/uploads\/2018\/10\/open-book-1428428_1920-1024x769.jpg\" \/>\n<meta name=\"twitter:card\" content=\"summary_large_image\" \/>\n<script type=\"application\/ld+json\" class=\"yoast-schema-graph\">{\"@context\":\"https:\/\/schema.org\",\"@graph\":[{\"@type\":\"WebSite\",\"@id\":\"https:\/\/mrdrautz.de\/es\/#website\",\"url\":\"https:\/\/mrdrautz.de\/es\/\",\"name\":\"Mar\\u00eda del Roc\\u00edo Drautz\",\"description\":\"Traductor &amp; Int\\u00e9rprete\",\"potentialAction\":[{\"@type\":\"SearchAction\",\"target\":{\"@type\":\"EntryPoint\",\"urlTemplate\":\"https:\/\/mrdrautz.de\/es\/?s={search_term_string}\"},\"query-input\":\"required name=search_term_string\"}],\"inLanguage\":\"es\"},{\"@type\":\"ImageObject\",\"@id\":\"https:\/\/mrdrautz.de\/es\/busqueda-lectorado\/#primaryimage\",\"inLanguage\":\"es\",\"url\":\"https:\/\/mrdrautz.de\/wp-content\/uploads\/2018\/10\/open-book-1428428_1920-1024x769.jpg\",\"contentUrl\":\"https:\/\/mrdrautz.de\/wp-content\/uploads\/2018\/10\/open-book-1428428_1920-1024x769.jpg\"},{\"@type\":\"WebPage\",\"@id\":\"https:\/\/mrdrautz.de\/es\/busqueda-lectorado\/#webpage\",\"url\":\"https:\/\/mrdrautz.de\/es\/busqueda-lectorado\/\",\"name\":\"B\\u00fasqueda & Lectorado - Mar\\u00eda del Roc\\u00edo Drautz\",\"isPartOf\":{\"@id\":\"https:\/\/mrdrautz.de\/es\/#website\"},\"primaryImageOfPage\":{\"@id\":\"https:\/\/mrdrautz.de\/es\/busqueda-lectorado\/#primaryimage\"},\"datePublished\":\"2018-10-21T18:53:56+00:00\",\"dateModified\":\"2018-10-24T19:25:04+00:00\",\"breadcrumb\":{\"@id\":\"https:\/\/mrdrautz.de\/es\/busqueda-lectorado\/#breadcrumb\"},\"inLanguage\":\"es\",\"potentialAction\":[{\"@type\":\"ReadAction\",\"target\":[\"https:\/\/mrdrautz.de\/es\/busqueda-lectorado\/\"]}]},{\"@type\":\"BreadcrumbList\",\"@id\":\"https:\/\/mrdrautz.de\/es\/busqueda-lectorado\/#breadcrumb\",\"itemListElement\":[{\"@type\":\"ListItem\",\"position\":1,\"name\":\"Startseite\",\"item\":\"https:\/\/mrdrautz.de\/es\/\"},{\"@type\":\"ListItem\",\"position\":2,\"name\":\"B\\u00fasqueda &#038; Lectorado\"}]}]}<\/script>\n<!-- \/ Yoast SEO plugin. -->","yoast_head_json":{"title":"B\u00fasqueda & Lectorado - Mar\u00eda del Roc\u00edo Drautz","robots":{"index":"index","follow":"follow","max-snippet":"max-snippet:-1","max-image-preview":"max-image-preview:large","max-video-preview":"max-video-preview:-1"},"canonical":"https:\/\/mrdrautz.de\/es\/busqueda-lectorado\/","og_locale":"es_ES","og_type":"article","og_title":"B\u00fasqueda & Lectorado - Mar\u00eda del Roc\u00edo Drautz","og_description":"B\u00fasqueda y Localizaci\u00f3n B\u00fasqueda en y de literatura especializada, procesos y procedimientos oficiales en pa\u00edses de habla hispana, as\u00ed como de instructivos, normatividad, legislaci\u00f3n, etc. Lectorado y correcci\u00f3n Revisi\u00f3n y correcci\u00f3n de textos elaborados en idioma espa\u00f1ol.","og_url":"https:\/\/mrdrautz.de\/es\/busqueda-lectorado\/","og_site_name":"Mar\u00eda del Roc\u00edo Drautz","article_modified_time":"2018-10-24T19:25:04+00:00","og_image":[{"url":"https:\/\/mrdrautz.de\/wp-content\/uploads\/2018\/10\/open-book-1428428_1920-1024x769.jpg"}],"twitter_card":"summary_large_image","schema":{"@context":"https:\/\/schema.org","@graph":[{"@type":"WebSite","@id":"https:\/\/mrdrautz.de\/es\/#website","url":"https:\/\/mrdrautz.de\/es\/","name":"Mar\u00eda del Roc\u00edo Drautz","description":"Traductor &amp; Int\u00e9rprete","potentialAction":[{"@type":"SearchAction","target":{"@type":"EntryPoint","urlTemplate":"https:\/\/mrdrautz.de\/es\/?s={search_term_string}"},"query-input":"required name=search_term_string"}],"inLanguage":"es"},{"@type":"ImageObject","@id":"https:\/\/mrdrautz.de\/es\/busqueda-lectorado\/#primaryimage","inLanguage":"es","url":"https:\/\/mrdrautz.de\/wp-content\/uploads\/2018\/10\/open-book-1428428_1920-1024x769.jpg","contentUrl":"https:\/\/mrdrautz.de\/wp-content\/uploads\/2018\/10\/open-book-1428428_1920-1024x769.jpg"},{"@type":"WebPage","@id":"https:\/\/mrdrautz.de\/es\/busqueda-lectorado\/#webpage","url":"https:\/\/mrdrautz.de\/es\/busqueda-lectorado\/","name":"B\u00fasqueda & Lectorado - Mar\u00eda del Roc\u00edo Drautz","isPartOf":{"@id":"https:\/\/mrdrautz.de\/es\/#website"},"primaryImageOfPage":{"@id":"https:\/\/mrdrautz.de\/es\/busqueda-lectorado\/#primaryimage"},"datePublished":"2018-10-21T18:53:56+00:00","dateModified":"2018-10-24T19:25:04+00:00","breadcrumb":{"@id":"https:\/\/mrdrautz.de\/es\/busqueda-lectorado\/#breadcrumb"},"inLanguage":"es","potentialAction":[{"@type":"ReadAction","target":["https:\/\/mrdrautz.de\/es\/busqueda-lectorado\/"]}]},{"@type":"BreadcrumbList","@id":"https:\/\/mrdrautz.de\/es\/busqueda-lectorado\/#breadcrumb","itemListElement":[{"@type":"ListItem","position":1,"name":"Startseite","item":"https:\/\/mrdrautz.de\/es\/"},{"@type":"ListItem","position":2,"name":"B\u00fasqueda &#038; Lectorado"}]}]}},"_links":{"self":[{"href":"https:\/\/mrdrautz.de\/es\/wp-json\/wp\/v2\/pages\/24"}],"collection":[{"href":"https:\/\/mrdrautz.de\/es\/wp-json\/wp\/v2\/pages"}],"about":[{"href":"https:\/\/mrdrautz.de\/es\/wp-json\/wp\/v2\/types\/page"}],"author":[{"embeddable":true,"href":"https:\/\/mrdrautz.de\/es\/wp-json\/wp\/v2\/users\/1"}],"replies":[{"embeddable":true,"href":"https:\/\/mrdrautz.de\/es\/wp-json\/wp\/v2\/comments?post=24"}],"version-history":[{"count":3,"href":"https:\/\/mrdrautz.de\/es\/wp-json\/wp\/v2\/pages\/24\/revisions"}],"predecessor-version":[{"id":64,"href":"https:\/\/mrdrautz.de\/es\/wp-json\/wp\/v2\/pages\/24\/revisions\/64"}],"wp:attachment":[{"href":"https:\/\/mrdrautz.de\/es\/wp-json\/wp\/v2\/media?parent=24"}],"curies":[{"name":"wp","href":"https:\/\/api.w.org\/{rel}","templated":true}]}}