{"id":35,"date":"2018-10-21T21:00:31","date_gmt":"2018-10-21T19:00:31","guid":{"rendered":"https:\/\/mrdrautz.de\/es\/?page_id=35"},"modified":"2018-10-21T21:24:32","modified_gmt":"2018-10-21T19:24:32","slug":"aviso-legal","status":"publish","type":"page","link":"https:\/\/mrdrautz.de\/es\/aviso-legal\/","title":{"rendered":"Aviso legal"},"content":{"rendered":"<p>Mar\u00eda del Roc\u00edo Drautz<br \/>\nLL. M (Ruhr-Universit\u00e4t Bochum) Abogado (Mexiko)<br \/>\nHagen-Hof-Weg 1<br \/>\n44797 Bochum<\/p>\n<p>Tel.: +49 (0) 234 978 3416<br \/>\nMobil: +49 (0) 151 2018 7273<br \/>\nE-Mail: info@mrdrautz.de<\/p>\n<p>Steuernummer: 350\/5047\/1899<\/p>\n","protected":false},"excerpt":{"rendered":"<p>Mar\u00eda del Roc\u00edo Drautz LL. M (Ruhr-Universit\u00e4t Bochum) Abogado (Mexiko) Hagen-Hof-Weg 1 44797 Bochum Tel.: +49 (0) 234 978 3416 Mobil: +49 (0) 151 2018 7273 E-Mail: info@mrdrautz.de Steuernummer: 350\/5047\/1899<\/p>\n","protected":false},"author":1,"featured_media":0,"parent":0,"menu_order":0,"comment_status":"closed","ping_status":"closed","template":"","meta":[],"yoast_head":"<!-- This site is optimized with the Yoast SEO plugin v17.9 - https:\/\/yoast.com\/wordpress\/plugins\/seo\/ -->\n<title>Aviso legal - Mar\u00eda del Roc\u00edo Drautz<\/title>\n<meta name=\"robots\" content=\"index, follow, max-snippet:-1, max-image-preview:large, max-video-preview:-1\" \/>\n<link rel=\"canonical\" href=\"https:\/\/mrdrautz.de\/es\/aviso-legal\/\" \/>\n<meta property=\"og:locale\" content=\"es_ES\" \/>\n<meta property=\"og:type\" content=\"article\" \/>\n<meta property=\"og:title\" content=\"Aviso legal - Mar\u00eda del Roc\u00edo Drautz\" \/>\n<meta property=\"og:description\" content=\"Mar\u00eda del Roc\u00edo Drautz LL. M (Ruhr-Universit\u00e4t Bochum) Abogado (Mexiko) Hagen-Hof-Weg 1 44797 Bochum Tel.: +49 (0) 234 978 3416 Mobil: +49 (0) 151 2018 7273 E-Mail: info@mrdrautz.de Steuernummer: 350\/5047\/1899\" \/>\n<meta property=\"og:url\" content=\"https:\/\/mrdrautz.de\/es\/aviso-legal\/\" \/>\n<meta property=\"og:site_name\" content=\"Mar\u00eda del Roc\u00edo Drautz\" \/>\n<meta property=\"article:modified_time\" content=\"2018-10-21T19:24:32+00:00\" \/>\n<meta name=\"twitter:card\" content=\"summary_large_image\" \/>\n<script type=\"application\/ld+json\" class=\"yoast-schema-graph\">{\"@context\":\"https:\/\/schema.org\",\"@graph\":[{\"@type\":\"WebSite\",\"@id\":\"https:\/\/mrdrautz.de\/es\/#website\",\"url\":\"https:\/\/mrdrautz.de\/es\/\",\"name\":\"Mar\\u00eda del Roc\\u00edo Drautz\",\"description\":\"Traductor &amp; Int\\u00e9rprete\",\"potentialAction\":[{\"@type\":\"SearchAction\",\"target\":{\"@type\":\"EntryPoint\",\"urlTemplate\":\"https:\/\/mrdrautz.de\/es\/?s={search_term_string}\"},\"query-input\":\"required name=search_term_string\"}],\"inLanguage\":\"es\"},{\"@type\":\"WebPage\",\"@id\":\"https:\/\/mrdrautz.de\/es\/aviso-legal\/#webpage\",\"url\":\"https:\/\/mrdrautz.de\/es\/aviso-legal\/\",\"name\":\"Aviso legal - Mar\\u00eda del Roc\\u00edo Drautz\",\"isPartOf\":{\"@id\":\"https:\/\/mrdrautz.de\/es\/#website\"},\"datePublished\":\"2018-10-21T19:00:31+00:00\",\"dateModified\":\"2018-10-21T19:24:32+00:00\",\"breadcrumb\":{\"@id\":\"https:\/\/mrdrautz.de\/es\/aviso-legal\/#breadcrumb\"},\"inLanguage\":\"es\",\"potentialAction\":[{\"@type\":\"ReadAction\",\"target\":[\"https:\/\/mrdrautz.de\/es\/aviso-legal\/\"]}]},{\"@type\":\"BreadcrumbList\",\"@id\":\"https:\/\/mrdrautz.de\/es\/aviso-legal\/#breadcrumb\",\"itemListElement\":[{\"@type\":\"ListItem\",\"position\":1,\"name\":\"Startseite\",\"item\":\"https:\/\/mrdrautz.de\/es\/\"},{\"@type\":\"ListItem\",\"position\":2,\"name\":\"Aviso legal\"}]}]}<\/script>\n<!-- \/ Yoast SEO plugin. -->","yoast_head_json":{"title":"Aviso legal - Mar\u00eda del Roc\u00edo Drautz","robots":{"index":"index","follow":"follow","max-snippet":"max-snippet:-1","max-image-preview":"max-image-preview:large","max-video-preview":"max-video-preview:-1"},"canonical":"https:\/\/mrdrautz.de\/es\/aviso-legal\/","og_locale":"es_ES","og_type":"article","og_title":"Aviso legal - Mar\u00eda del Roc\u00edo Drautz","og_description":"Mar\u00eda del Roc\u00edo Drautz LL. M (Ruhr-Universit\u00e4t Bochum) Abogado (Mexiko) Hagen-Hof-Weg 1 44797 Bochum Tel.: +49 (0) 234 978 3416 Mobil: +49 (0) 151 2018 7273 E-Mail: info@mrdrautz.de Steuernummer: 350\/5047\/1899","og_url":"https:\/\/mrdrautz.de\/es\/aviso-legal\/","og_site_name":"Mar\u00eda del Roc\u00edo Drautz","article_modified_time":"2018-10-21T19:24:32+00:00","twitter_card":"summary_large_image","schema":{"@context":"https:\/\/schema.org","@graph":[{"@type":"WebSite","@id":"https:\/\/mrdrautz.de\/es\/#website","url":"https:\/\/mrdrautz.de\/es\/","name":"Mar\u00eda del Roc\u00edo Drautz","description":"Traductor &amp; Int\u00e9rprete","potentialAction":[{"@type":"SearchAction","target":{"@type":"EntryPoint","urlTemplate":"https:\/\/mrdrautz.de\/es\/?s={search_term_string}"},"query-input":"required name=search_term_string"}],"inLanguage":"es"},{"@type":"WebPage","@id":"https:\/\/mrdrautz.de\/es\/aviso-legal\/#webpage","url":"https:\/\/mrdrautz.de\/es\/aviso-legal\/","name":"Aviso legal - Mar\u00eda del Roc\u00edo Drautz","isPartOf":{"@id":"https:\/\/mrdrautz.de\/es\/#website"},"datePublished":"2018-10-21T19:00:31+00:00","dateModified":"2018-10-21T19:24:32+00:00","breadcrumb":{"@id":"https:\/\/mrdrautz.de\/es\/aviso-legal\/#breadcrumb"},"inLanguage":"es","potentialAction":[{"@type":"ReadAction","target":["https:\/\/mrdrautz.de\/es\/aviso-legal\/"]}]},{"@type":"BreadcrumbList","@id":"https:\/\/mrdrautz.de\/es\/aviso-legal\/#breadcrumb","itemListElement":[{"@type":"ListItem","position":1,"name":"Startseite","item":"https:\/\/mrdrautz.de\/es\/"},{"@type":"ListItem","position":2,"name":"Aviso legal"}]}]}},"_links":{"self":[{"href":"https:\/\/mrdrautz.de\/es\/wp-json\/wp\/v2\/pages\/35"}],"collection":[{"href":"https:\/\/mrdrautz.de\/es\/wp-json\/wp\/v2\/pages"}],"about":[{"href":"https:\/\/mrdrautz.de\/es\/wp-json\/wp\/v2\/types\/page"}],"author":[{"embeddable":true,"href":"https:\/\/mrdrautz.de\/es\/wp-json\/wp\/v2\/users\/1"}],"replies":[{"embeddable":true,"href":"https:\/\/mrdrautz.de\/es\/wp-json\/wp\/v2\/comments?post=35"}],"version-history":[{"count":3,"href":"https:\/\/mrdrautz.de\/es\/wp-json\/wp\/v2\/pages\/35\/revisions"}],"predecessor-version":[{"id":45,"href":"https:\/\/mrdrautz.de\/es\/wp-json\/wp\/v2\/pages\/35\/revisions\/45"}],"wp:attachment":[{"href":"https:\/\/mrdrautz.de\/es\/wp-json\/wp\/v2\/media?parent=35"}],"curies":[{"name":"wp","href":"https:\/\/api.w.org\/{rel}","templated":true}]}}