{"id":37,"date":"2018-10-21T21:01:00","date_gmt":"2018-10-21T19:01:00","guid":{"rendered":"https:\/\/mrdrautz.de\/es\/?page_id=37"},"modified":"2018-10-30T21:01:08","modified_gmt":"2018-10-30T20:01:08","slug":"contacto","status":"publish","type":"page","link":"https:\/\/mrdrautz.de\/es\/contacto\/","title":{"rendered":"Contacto"},"content":{"rendered":"<p>Mar\u00eda del Roc\u00edo Drautz<br \/>\nLL. M (Ruhr-Universit\u00e4t Bochum) Abogado (Mexiko)<br \/>\nHagen-Hof-Weg 1<br \/>\n44797 Bochum<\/p>\n<p>Tel.: +49 (0) 234 978 3416<br \/>\nMobil: +49 (0) 151 2018 7273<br \/>\nE-Mail: info@mrdrautz.de<\/p>\n<h4>Contacto<\/h4>\n<p>Con el formulario de contacto en l\u00ednea puede contactarme r\u00e1pida y f\u00e1cilmente. Estar\u00e9 encantada de procesar su solicitud lo antes posible.<\/p>\n<div role=\"form\" class=\"wpcf7\" id=\"wpcf7-f39-o1\" lang=\"de-DE\" dir=\"ltr\">\n<div class=\"screen-reader-response\"><p role=\"status\" aria-live=\"polite\" aria-atomic=\"true\"><\/p> <ul><\/ul><\/div>\n<form action=\"\/es\/wp-json\/wp\/v2\/pages\/37#wpcf7-f39-o1\" method=\"post\" class=\"wpcf7-form init\" novalidate=\"novalidate\" data-status=\"init\">\n<div style=\"display: none;\">\n<input type=\"hidden\" name=\"_wpcf7\" value=\"39\" \/>\n<input type=\"hidden\" name=\"_wpcf7_version\" value=\"5.5.3\" \/>\n<input type=\"hidden\" name=\"_wpcf7_locale\" value=\"de_DE\" \/>\n<input type=\"hidden\" name=\"_wpcf7_unit_tag\" value=\"wpcf7-f39-o1\" \/>\n<input type=\"hidden\" name=\"_wpcf7_container_post\" value=\"0\" \/>\n<input type=\"hidden\" name=\"_wpcf7_posted_data_hash\" value=\"\" \/>\n<\/div>\n<p><label> Nombre (Obligatorio)<br \/>\n    <span class=\"wpcf7-form-control-wrap your-name\"><input type=\"text\" name=\"your-name\" value=\"\" size=\"40\" class=\"wpcf7-form-control wpcf7-text wpcf7-validates-as-required\" aria-required=\"true\" aria-invalid=\"false\" \/><\/span> <\/label><\/p>\n<p><label> E-Mail (Obligatorio)<br \/>\n    <span class=\"wpcf7-form-control-wrap your-email\"><input type=\"email\" name=\"your-email\" value=\"\" size=\"40\" class=\"wpcf7-form-control wpcf7-text wpcf7-email wpcf7-validates-as-required wpcf7-validates-as-email\" aria-required=\"true\" aria-invalid=\"false\" \/><\/span> <\/label><\/p>\n<p><label> Asunto<br \/>\n    <span class=\"wpcf7-form-control-wrap your-subject\"><input type=\"text\" name=\"your-subject\" value=\"\" size=\"40\" class=\"wpcf7-form-control wpcf7-text\" aria-invalid=\"false\" \/><\/span> <\/label><\/p>\n<p><label> Tel\u00e9fono<br \/>\n    <span class=\"wpcf7-form-control-wrap telefon\"><input type=\"tel\" name=\"telefon\" value=\"\" size=\"40\" class=\"wpcf7-form-control wpcf7-text wpcf7-tel wpcf7-validates-as-tel\" aria-invalid=\"false\" \/><\/span> <\/label><\/p>\n<p><label> Mensaje<br \/>\n    <span class=\"wpcf7-form-control-wrap your-message\"><textarea name=\"your-message\" cols=\"40\" rows=\"10\" class=\"wpcf7-form-control wpcf7-textarea contact-text\" aria-invalid=\"false\"><\/textarea><\/span> <\/label><\/p>\n<p><span class=\"wpcf7-form-control-wrap acceptance-966\"><span class=\"wpcf7-form-control wpcf7-acceptance\"><span class=\"wpcf7-list-item\"><label><input type=\"checkbox\" name=\"acceptance-966\" value=\"1\" aria-invalid=\"false\" \/><span class=\"wpcf7-list-item-label\">Confirmo el almacenamiento de mis datos ingresados aqu\u00ed.<\/span><\/label><\/span><\/span><\/span><\/p>\n<p><input type=\"submit\" value=\"Enviar\" class=\"wpcf7-form-control has-spinner wpcf7-submit\" \/><\/p>\n<div class=\"wpcf7-response-output\" aria-hidden=\"true\"><\/div><\/form><\/div>\n","protected":false},"excerpt":{"rendered":"<p>Mar\u00eda del Roc\u00edo Drautz LL. M (Ruhr-Universit\u00e4t Bochum) Abogado (Mexiko) Hagen-Hof-Weg 1 44797 Bochum Tel.: +49 (0) 234 978 3416 Mobil: +49 (0) 151 2018 7273 E-Mail: info@mrdrautz.de Contacto Con el formulario de contacto en l\u00ednea puede contactarme r\u00e1pida y f\u00e1cilmente. Estar\u00e9 encantada de procesar su solicitud lo antes posible.<\/p>\n","protected":false},"author":1,"featured_media":0,"parent":0,"menu_order":0,"comment_status":"closed","ping_status":"closed","template":"","meta":[],"yoast_head":"<!-- This site is optimized with the Yoast SEO plugin v17.9 - https:\/\/yoast.com\/wordpress\/plugins\/seo\/ -->\n<title>Contacto - Mar\u00eda del Roc\u00edo Drautz<\/title>\n<meta name=\"robots\" content=\"index, follow, max-snippet:-1, max-image-preview:large, max-video-preview:-1\" \/>\n<link rel=\"canonical\" href=\"https:\/\/mrdrautz.de\/es\/contacto\/\" \/>\n<meta property=\"og:locale\" content=\"es_ES\" \/>\n<meta property=\"og:type\" content=\"article\" \/>\n<meta property=\"og:title\" content=\"Contacto - Mar\u00eda del Roc\u00edo Drautz\" \/>\n<meta property=\"og:description\" content=\"Mar\u00eda del Roc\u00edo Drautz LL. M (Ruhr-Universit\u00e4t Bochum) Abogado (Mexiko) Hagen-Hof-Weg 1 44797 Bochum Tel.: +49 (0) 234 978 3416 Mobil: +49 (0) 151 2018 7273 E-Mail: info@mrdrautz.de Contacto Con el formulario de contacto en l\u00ednea puede contactarme r\u00e1pida y f\u00e1cilmente. Estar\u00e9 encantada de procesar su solicitud lo antes posible.\" \/>\n<meta property=\"og:url\" content=\"https:\/\/mrdrautz.de\/es\/contacto\/\" \/>\n<meta property=\"og:site_name\" content=\"Mar\u00eda del Roc\u00edo Drautz\" \/>\n<meta property=\"article:modified_time\" content=\"2018-10-30T20:01:08+00:00\" \/>\n<meta name=\"twitter:card\" content=\"summary_large_image\" \/>\n<script type=\"application\/ld+json\" class=\"yoast-schema-graph\">{\"@context\":\"https:\/\/schema.org\",\"@graph\":[{\"@type\":\"WebSite\",\"@id\":\"https:\/\/mrdrautz.de\/es\/#website\",\"url\":\"https:\/\/mrdrautz.de\/es\/\",\"name\":\"Mar\\u00eda del Roc\\u00edo Drautz\",\"description\":\"Traductor &amp; Int\\u00e9rprete\",\"potentialAction\":[{\"@type\":\"SearchAction\",\"target\":{\"@type\":\"EntryPoint\",\"urlTemplate\":\"https:\/\/mrdrautz.de\/es\/?s={search_term_string}\"},\"query-input\":\"required name=search_term_string\"}],\"inLanguage\":\"es\"},{\"@type\":\"WebPage\",\"@id\":\"https:\/\/mrdrautz.de\/es\/contacto\/#webpage\",\"url\":\"https:\/\/mrdrautz.de\/es\/contacto\/\",\"name\":\"Contacto - Mar\\u00eda del Roc\\u00edo Drautz\",\"isPartOf\":{\"@id\":\"https:\/\/mrdrautz.de\/es\/#website\"},\"datePublished\":\"2018-10-21T19:01:00+00:00\",\"dateModified\":\"2018-10-30T20:01:08+00:00\",\"breadcrumb\":{\"@id\":\"https:\/\/mrdrautz.de\/es\/contacto\/#breadcrumb\"},\"inLanguage\":\"es\",\"potentialAction\":[{\"@type\":\"ReadAction\",\"target\":[\"https:\/\/mrdrautz.de\/es\/contacto\/\"]}]},{\"@type\":\"BreadcrumbList\",\"@id\":\"https:\/\/mrdrautz.de\/es\/contacto\/#breadcrumb\",\"itemListElement\":[{\"@type\":\"ListItem\",\"position\":1,\"name\":\"Startseite\",\"item\":\"https:\/\/mrdrautz.de\/es\/\"},{\"@type\":\"ListItem\",\"position\":2,\"name\":\"Contacto\"}]}]}<\/script>\n<!-- \/ Yoast SEO plugin. -->","yoast_head_json":{"title":"Contacto - Mar\u00eda del Roc\u00edo Drautz","robots":{"index":"index","follow":"follow","max-snippet":"max-snippet:-1","max-image-preview":"max-image-preview:large","max-video-preview":"max-video-preview:-1"},"canonical":"https:\/\/mrdrautz.de\/es\/contacto\/","og_locale":"es_ES","og_type":"article","og_title":"Contacto - Mar\u00eda del Roc\u00edo Drautz","og_description":"Mar\u00eda del Roc\u00edo Drautz LL. M (Ruhr-Universit\u00e4t Bochum) Abogado (Mexiko) Hagen-Hof-Weg 1 44797 Bochum Tel.: +49 (0) 234 978 3416 Mobil: +49 (0) 151 2018 7273 E-Mail: info@mrdrautz.de Contacto Con el formulario de contacto en l\u00ednea puede contactarme r\u00e1pida y f\u00e1cilmente. Estar\u00e9 encantada de procesar su solicitud lo antes posible.","og_url":"https:\/\/mrdrautz.de\/es\/contacto\/","og_site_name":"Mar\u00eda del Roc\u00edo Drautz","article_modified_time":"2018-10-30T20:01:08+00:00","twitter_card":"summary_large_image","schema":{"@context":"https:\/\/schema.org","@graph":[{"@type":"WebSite","@id":"https:\/\/mrdrautz.de\/es\/#website","url":"https:\/\/mrdrautz.de\/es\/","name":"Mar\u00eda del Roc\u00edo Drautz","description":"Traductor &amp; Int\u00e9rprete","potentialAction":[{"@type":"SearchAction","target":{"@type":"EntryPoint","urlTemplate":"https:\/\/mrdrautz.de\/es\/?s={search_term_string}"},"query-input":"required name=search_term_string"}],"inLanguage":"es"},{"@type":"WebPage","@id":"https:\/\/mrdrautz.de\/es\/contacto\/#webpage","url":"https:\/\/mrdrautz.de\/es\/contacto\/","name":"Contacto - Mar\u00eda del Roc\u00edo Drautz","isPartOf":{"@id":"https:\/\/mrdrautz.de\/es\/#website"},"datePublished":"2018-10-21T19:01:00+00:00","dateModified":"2018-10-30T20:01:08+00:00","breadcrumb":{"@id":"https:\/\/mrdrautz.de\/es\/contacto\/#breadcrumb"},"inLanguage":"es","potentialAction":[{"@type":"ReadAction","target":["https:\/\/mrdrautz.de\/es\/contacto\/"]}]},{"@type":"BreadcrumbList","@id":"https:\/\/mrdrautz.de\/es\/contacto\/#breadcrumb","itemListElement":[{"@type":"ListItem","position":1,"name":"Startseite","item":"https:\/\/mrdrautz.de\/es\/"},{"@type":"ListItem","position":2,"name":"Contacto"}]}]}},"_links":{"self":[{"href":"https:\/\/mrdrautz.de\/es\/wp-json\/wp\/v2\/pages\/37"}],"collection":[{"href":"https:\/\/mrdrautz.de\/es\/wp-json\/wp\/v2\/pages"}],"about":[{"href":"https:\/\/mrdrautz.de\/es\/wp-json\/wp\/v2\/types\/page"}],"author":[{"embeddable":true,"href":"https:\/\/mrdrautz.de\/es\/wp-json\/wp\/v2\/users\/1"}],"replies":[{"embeddable":true,"href":"https:\/\/mrdrautz.de\/es\/wp-json\/wp\/v2\/comments?post=37"}],"version-history":[{"count":6,"href":"https:\/\/mrdrautz.de\/es\/wp-json\/wp\/v2\/pages\/37\/revisions"}],"predecessor-version":[{"id":78,"href":"https:\/\/mrdrautz.de\/es\/wp-json\/wp\/v2\/pages\/37\/revisions\/78"}],"wp:attachment":[{"href":"https:\/\/mrdrautz.de\/es\/wp-json\/wp\/v2\/media?parent=37"}],"curies":[{"name":"wp","href":"https:\/\/api.w.org\/{rel}","templated":true}]}}