{"id":5,"date":"2018-10-21T20:06:08","date_gmt":"2018-10-21T18:06:08","guid":{"rendered":"https:\/\/mrdrautz.de\/es\/?page_id=5"},"modified":"2020-02-21T20:02:54","modified_gmt":"2020-02-21T19:02:54","slug":"maria-del-rocio-drautz","status":"publish","type":"page","link":"https:\/\/mrdrautz.de\/es\/","title":{"rendered":"Bienvenido"},"content":{"rendered":"<p><img loading=\"lazy\" class=\"aligncenter size-medium wp-image-28\" src=\"https:\/\/mrdrautz.de\/wp-content\/uploads\/2018\/10\/main-300x200.png\" alt=\"\" width=\"300\" height=\"200\" \/><\/p>\n<p style=\"text-align: center;font-size: 110%\">Traducci\u00f3n, Interpretaci\u00f3n, Instructora de espa\u00f1ol<br \/>\nMaria del Rocio Drautz LL.M.<\/p>\n<p style=\"text-align: center\">Autorizada por el presidente del Tribunal Regional de Hamm como int\u00e9rprete y traductora jurada para el idioma espa\u00f1ol<\/p>\n","protected":false},"excerpt":{"rendered":"<p>Traducci\u00f3n, Interpretaci\u00f3n, Instructora de espa\u00f1ol Maria del Rocio Drautz LL.M. Autorizada por el presidente del Tribunal Regional de Hamm como int\u00e9rprete y traductora jurada para el idioma espa\u00f1ol<\/p>\n","protected":false},"author":1,"featured_media":0,"parent":0,"menu_order":0,"comment_status":"closed","ping_status":"closed","template":"","meta":[],"yoast_head":"<!-- This site is optimized with the Yoast SEO plugin v17.9 - https:\/\/yoast.com\/wordpress\/plugins\/seo\/ -->\n<title>Bienvenido - Mar\u00eda del Roc\u00edo Drautz<\/title>\n<meta name=\"robots\" content=\"index, follow, max-snippet:-1, max-image-preview:large, max-video-preview:-1\" \/>\n<link rel=\"canonical\" href=\"https:\/\/mrdrautz.de\/es\/\" \/>\n<meta property=\"og:locale\" content=\"es_ES\" \/>\n<meta property=\"og:type\" content=\"article\" \/>\n<meta property=\"og:title\" content=\"Bienvenido - Mar\u00eda del Roc\u00edo Drautz\" \/>\n<meta property=\"og:description\" content=\"Traducci\u00f3n, Interpretaci\u00f3n, Instructora de espa\u00f1ol Maria del Rocio Drautz LL.M. Autorizada por el presidente del Tribunal Regional de Hamm como int\u00e9rprete y traductora jurada para el idioma espa\u00f1ol\" \/>\n<meta property=\"og:url\" content=\"https:\/\/mrdrautz.de\/es\/\" \/>\n<meta property=\"og:site_name\" content=\"Mar\u00eda del Roc\u00edo Drautz\" \/>\n<meta property=\"article:modified_time\" content=\"2020-02-21T19:02:54+00:00\" \/>\n<meta property=\"og:image\" content=\"https:\/\/mrdrautz.de\/wp-content\/uploads\/2018\/10\/main-300x200.png\" \/>\n<meta name=\"twitter:card\" content=\"summary_large_image\" \/>\n<script type=\"application\/ld+json\" class=\"yoast-schema-graph\">{\"@context\":\"https:\/\/schema.org\",\"@graph\":[{\"@type\":\"WebSite\",\"@id\":\"https:\/\/mrdrautz.de\/es\/#website\",\"url\":\"https:\/\/mrdrautz.de\/es\/\",\"name\":\"Mar\\u00eda del Roc\\u00edo Drautz\",\"description\":\"Traductor &amp; Int\\u00e9rprete\",\"potentialAction\":[{\"@type\":\"SearchAction\",\"target\":{\"@type\":\"EntryPoint\",\"urlTemplate\":\"https:\/\/mrdrautz.de\/es\/?s={search_term_string}\"},\"query-input\":\"required name=search_term_string\"}],\"inLanguage\":\"es\"},{\"@type\":\"ImageObject\",\"@id\":\"https:\/\/mrdrautz.de\/es\/#primaryimage\",\"inLanguage\":\"es\",\"url\":\"https:\/\/mrdrautz.de\/wp-content\/uploads\/2018\/10\/main-300x200.png\",\"contentUrl\":\"https:\/\/mrdrautz.de\/wp-content\/uploads\/2018\/10\/main-300x200.png\"},{\"@type\":\"WebPage\",\"@id\":\"https:\/\/mrdrautz.de\/es\/#webpage\",\"url\":\"https:\/\/mrdrautz.de\/es\/\",\"name\":\"Bienvenido - Mar\\u00eda del Roc\\u00edo Drautz\",\"isPartOf\":{\"@id\":\"https:\/\/mrdrautz.de\/es\/#website\"},\"primaryImageOfPage\":{\"@id\":\"https:\/\/mrdrautz.de\/es\/#primaryimage\"},\"datePublished\":\"2018-10-21T18:06:08+00:00\",\"dateModified\":\"2020-02-21T19:02:54+00:00\",\"breadcrumb\":{\"@id\":\"https:\/\/mrdrautz.de\/es\/#breadcrumb\"},\"inLanguage\":\"es\",\"potentialAction\":[{\"@type\":\"ReadAction\",\"target\":[\"https:\/\/mrdrautz.de\/es\/\"]}]},{\"@type\":\"BreadcrumbList\",\"@id\":\"https:\/\/mrdrautz.de\/es\/#breadcrumb\",\"itemListElement\":[{\"@type\":\"ListItem\",\"position\":1,\"name\":\"Startseite\",\"item\":\"https:\/\/mrdrautz.de\/es\/\"},{\"@type\":\"ListItem\",\"position\":2,\"name\":\"Bienvenido\"}]}]}<\/script>\n<!-- \/ Yoast SEO plugin. -->","yoast_head_json":{"title":"Bienvenido - Mar\u00eda del Roc\u00edo Drautz","robots":{"index":"index","follow":"follow","max-snippet":"max-snippet:-1","max-image-preview":"max-image-preview:large","max-video-preview":"max-video-preview:-1"},"canonical":"https:\/\/mrdrautz.de\/es\/","og_locale":"es_ES","og_type":"article","og_title":"Bienvenido - Mar\u00eda del Roc\u00edo Drautz","og_description":"Traducci\u00f3n, Interpretaci\u00f3n, Instructora de espa\u00f1ol Maria del Rocio Drautz LL.M. Autorizada por el presidente del Tribunal Regional de Hamm como int\u00e9rprete y traductora jurada para el idioma espa\u00f1ol","og_url":"https:\/\/mrdrautz.de\/es\/","og_site_name":"Mar\u00eda del Roc\u00edo Drautz","article_modified_time":"2020-02-21T19:02:54+00:00","og_image":[{"url":"https:\/\/mrdrautz.de\/wp-content\/uploads\/2018\/10\/main-300x200.png"}],"twitter_card":"summary_large_image","schema":{"@context":"https:\/\/schema.org","@graph":[{"@type":"WebSite","@id":"https:\/\/mrdrautz.de\/es\/#website","url":"https:\/\/mrdrautz.de\/es\/","name":"Mar\u00eda del Roc\u00edo Drautz","description":"Traductor &amp; Int\u00e9rprete","potentialAction":[{"@type":"SearchAction","target":{"@type":"EntryPoint","urlTemplate":"https:\/\/mrdrautz.de\/es\/?s={search_term_string}"},"query-input":"required name=search_term_string"}],"inLanguage":"es"},{"@type":"ImageObject","@id":"https:\/\/mrdrautz.de\/es\/#primaryimage","inLanguage":"es","url":"https:\/\/mrdrautz.de\/wp-content\/uploads\/2018\/10\/main-300x200.png","contentUrl":"https:\/\/mrdrautz.de\/wp-content\/uploads\/2018\/10\/main-300x200.png"},{"@type":"WebPage","@id":"https:\/\/mrdrautz.de\/es\/#webpage","url":"https:\/\/mrdrautz.de\/es\/","name":"Bienvenido - Mar\u00eda del Roc\u00edo Drautz","isPartOf":{"@id":"https:\/\/mrdrautz.de\/es\/#website"},"primaryImageOfPage":{"@id":"https:\/\/mrdrautz.de\/es\/#primaryimage"},"datePublished":"2018-10-21T18:06:08+00:00","dateModified":"2020-02-21T19:02:54+00:00","breadcrumb":{"@id":"https:\/\/mrdrautz.de\/es\/#breadcrumb"},"inLanguage":"es","potentialAction":[{"@type":"ReadAction","target":["https:\/\/mrdrautz.de\/es\/"]}]},{"@type":"BreadcrumbList","@id":"https:\/\/mrdrautz.de\/es\/#breadcrumb","itemListElement":[{"@type":"ListItem","position":1,"name":"Startseite","item":"https:\/\/mrdrautz.de\/es\/"},{"@type":"ListItem","position":2,"name":"Bienvenido"}]}]}},"_links":{"self":[{"href":"https:\/\/mrdrautz.de\/es\/wp-json\/wp\/v2\/pages\/5"}],"collection":[{"href":"https:\/\/mrdrautz.de\/es\/wp-json\/wp\/v2\/pages"}],"about":[{"href":"https:\/\/mrdrautz.de\/es\/wp-json\/wp\/v2\/types\/page"}],"author":[{"embeddable":true,"href":"https:\/\/mrdrautz.de\/es\/wp-json\/wp\/v2\/users\/1"}],"replies":[{"embeddable":true,"href":"https:\/\/mrdrautz.de\/es\/wp-json\/wp\/v2\/comments?post=5"}],"version-history":[{"count":6,"href":"https:\/\/mrdrautz.de\/es\/wp-json\/wp\/v2\/pages\/5\/revisions"}],"predecessor-version":[{"id":85,"href":"https:\/\/mrdrautz.de\/es\/wp-json\/wp\/v2\/pages\/5\/revisions\/85"}],"wp:attachment":[{"href":"https:\/\/mrdrautz.de\/es\/wp-json\/wp\/v2\/media?parent=5"}],"curies":[{"name":"wp","href":"https:\/\/api.w.org\/{rel}","templated":true}]}}