{"id":59,"date":"2018-10-24T21:20:24","date_gmt":"2018-10-24T19:20:24","guid":{"rendered":"https:\/\/mrdrautz.de\/es\/?page_id=59"},"modified":"2018-10-30T21:10:30","modified_gmt":"2018-10-30T20:10:30","slug":"aviso-de-privacidad","status":"publish","type":"page","link":"https:\/\/mrdrautz.de\/es\/aviso-de-privacidad\/","title":{"rendered":"Aviso de privacidad"},"content":{"rendered":"<p>El siguiente apartado explica la manera, el contenido y objetivos de recopilaci\u00f3n y uso de datos personales a trav\u00e9s de <a href=\"https:\/\/www.mrdrautz.de\/\">www.mrdrautz.de<\/a>.<\/p>\n<p>La persona responsable, de conformidad con las leyes de protecci\u00f3n de datos personales es:<br \/>\nMar\u00eda del Roc\u00edo Drautz, Hagen-Hof-Weg 1, 44797 Bochum, Alemania<\/p>\n<h3>Registro de informaci\u00f3n general<\/h3>\n<p>Cuando usted accede a nuestro sitio web, la informaci\u00f3n de car\u00e1cter general se recopila autom\u00e1ticamente. Esta informaci\u00f3n (archivos de registro del servidor) incluye, por ejemplo, el tipo de navegador web, el sistema operativo utilizado, el nombre de dominio de Su proveedor de servicios de Internet y similares. Esta es s\u00f3lo informaci\u00f3n que no permite sacar ninguna deducci\u00f3n sobre su persona. Esta informaci\u00f3n es t\u00e9cnicamente necesaria para la correcta entrega del contenido solicitado por Usted desde los sitios web y es obligatoria cuando se utiliza Internet. La informaci\u00f3n an\u00f3nima de este tipo, es evaluada estad\u00edsticamente por nosotros con el fin de optimizar nuestra presencia en Internet y la tecnolog\u00eda que la respalda.<\/p>\n<h3>Formulario de contacto<\/h3>\n<p>Si se pone en contacto con nosotros por correo electr\u00f3nico o formulario de contacto, la informaci\u00f3n que nos proporcione se almacenar\u00e1 con el fin de procesar su consulta y para posibles preguntas de seguimiento.<\/p>\n<h3>Eliminaci\u00f3n y bloqueo de datos<\/h3>\n<p>Nos regimos por los principios de prevenci\u00f3n y ahorro de datos. Por lo tanto, s\u00f3lo almacenaremos sus datos personales durante el tiempo que sea necesario para lograr los fines aqu\u00ed establecidos o seg\u00fan lo requieran los distintos per\u00edodos de almacenamiento previstos por la ley. Una vez que el prop\u00f3sito respectivo haya dejado de existir o hayan expirado estos per\u00edodos, los datos correspondientes ser\u00e1n bloqueados o eliminados rutinariamente de acuerdo con las disposiciones legales.<\/p>\n<h3>Cambios en nuestra pol\u00edtica de privacidad<\/h3>\n<p>Nos reservamos el derecho de modificar esta declaraci\u00f3n de protecci\u00f3n de datos demandar eventual para que cumpla siempre con los requisitos legales vigentes o para implementar cambios de nuestros servicios en la declaraci\u00f3n de protecci\u00f3n de datos, por ejemplo, al introducir nuevos servicios. Su nueva visita estar\u00e1 sujeta a la nueva declaraci\u00f3n de protecci\u00f3n de datos.<\/p>\n","protected":false},"excerpt":{"rendered":"<p>El siguiente apartado explica la manera, el contenido y objetivos de recopilaci\u00f3n y uso de datos personales a trav\u00e9s de www.mrdrautz.de. La persona responsable, de conformidad con las leyes de protecci\u00f3n de datos personales es: Mar\u00eda del Roc\u00edo Drautz, Hagen-Hof-Weg 1, 44797 Bochum, Alemania Registro de informaci\u00f3n general Cuando usted accede a nuestro sitio web, [&hellip;]<\/p>\n","protected":false},"author":1,"featured_media":0,"parent":0,"menu_order":0,"comment_status":"closed","ping_status":"closed","template":"","meta":[],"yoast_head":"<!-- This site is optimized with the Yoast SEO plugin v17.9 - https:\/\/yoast.com\/wordpress\/plugins\/seo\/ -->\n<title>Aviso de privacidad - Mar\u00eda del Roc\u00edo Drautz<\/title>\n<meta name=\"robots\" content=\"index, follow, max-snippet:-1, max-image-preview:large, max-video-preview:-1\" \/>\n<link rel=\"canonical\" href=\"https:\/\/mrdrautz.de\/es\/aviso-de-privacidad\/\" \/>\n<meta property=\"og:locale\" content=\"es_ES\" \/>\n<meta property=\"og:type\" content=\"article\" \/>\n<meta property=\"og:title\" content=\"Aviso de privacidad - Mar\u00eda del Roc\u00edo Drautz\" \/>\n<meta property=\"og:description\" content=\"El siguiente apartado explica la manera, el contenido y objetivos de recopilaci\u00f3n y uso de datos personales a trav\u00e9s de www.mrdrautz.de. La persona responsable, de conformidad con las leyes de protecci\u00f3n de datos personales es: Mar\u00eda del Roc\u00edo Drautz, Hagen-Hof-Weg 1, 44797 Bochum, Alemania Registro de informaci\u00f3n general Cuando usted accede a nuestro sitio web, [&hellip;]\" \/>\n<meta property=\"og:url\" content=\"https:\/\/mrdrautz.de\/es\/aviso-de-privacidad\/\" \/>\n<meta property=\"og:site_name\" content=\"Mar\u00eda del Roc\u00edo Drautz\" \/>\n<meta property=\"article:modified_time\" content=\"2018-10-30T20:10:30+00:00\" \/>\n<meta name=\"twitter:card\" content=\"summary_large_image\" \/>\n<meta name=\"twitter:label1\" content=\"Tiempo de lectura\" \/>\n\t<meta name=\"twitter:data1\" content=\"2 minutos\" \/>\n<script type=\"application\/ld+json\" class=\"yoast-schema-graph\">{\"@context\":\"https:\/\/schema.org\",\"@graph\":[{\"@type\":\"WebSite\",\"@id\":\"https:\/\/mrdrautz.de\/es\/#website\",\"url\":\"https:\/\/mrdrautz.de\/es\/\",\"name\":\"Mar\\u00eda del Roc\\u00edo Drautz\",\"description\":\"Traductor &amp; Int\\u00e9rprete\",\"potentialAction\":[{\"@type\":\"SearchAction\",\"target\":{\"@type\":\"EntryPoint\",\"urlTemplate\":\"https:\/\/mrdrautz.de\/es\/?s={search_term_string}\"},\"query-input\":\"required name=search_term_string\"}],\"inLanguage\":\"es\"},{\"@type\":\"WebPage\",\"@id\":\"https:\/\/mrdrautz.de\/es\/aviso-de-privacidad\/#webpage\",\"url\":\"https:\/\/mrdrautz.de\/es\/aviso-de-privacidad\/\",\"name\":\"Aviso de privacidad - Mar\\u00eda del Roc\\u00edo Drautz\",\"isPartOf\":{\"@id\":\"https:\/\/mrdrautz.de\/es\/#website\"},\"datePublished\":\"2018-10-24T19:20:24+00:00\",\"dateModified\":\"2018-10-30T20:10:30+00:00\",\"breadcrumb\":{\"@id\":\"https:\/\/mrdrautz.de\/es\/aviso-de-privacidad\/#breadcrumb\"},\"inLanguage\":\"es\",\"potentialAction\":[{\"@type\":\"ReadAction\",\"target\":[\"https:\/\/mrdrautz.de\/es\/aviso-de-privacidad\/\"]}]},{\"@type\":\"BreadcrumbList\",\"@id\":\"https:\/\/mrdrautz.de\/es\/aviso-de-privacidad\/#breadcrumb\",\"itemListElement\":[{\"@type\":\"ListItem\",\"position\":1,\"name\":\"Startseite\",\"item\":\"https:\/\/mrdrautz.de\/es\/\"},{\"@type\":\"ListItem\",\"position\":2,\"name\":\"Aviso de privacidad\"}]}]}<\/script>\n<!-- \/ Yoast SEO plugin. -->","yoast_head_json":{"title":"Aviso de privacidad - Mar\u00eda del Roc\u00edo Drautz","robots":{"index":"index","follow":"follow","max-snippet":"max-snippet:-1","max-image-preview":"max-image-preview:large","max-video-preview":"max-video-preview:-1"},"canonical":"https:\/\/mrdrautz.de\/es\/aviso-de-privacidad\/","og_locale":"es_ES","og_type":"article","og_title":"Aviso de privacidad - Mar\u00eda del Roc\u00edo Drautz","og_description":"El siguiente apartado explica la manera, el contenido y objetivos de recopilaci\u00f3n y uso de datos personales a trav\u00e9s de www.mrdrautz.de. La persona responsable, de conformidad con las leyes de protecci\u00f3n de datos personales es: Mar\u00eda del Roc\u00edo Drautz, Hagen-Hof-Weg 1, 44797 Bochum, Alemania Registro de informaci\u00f3n general Cuando usted accede a nuestro sitio web, [&hellip;]","og_url":"https:\/\/mrdrautz.de\/es\/aviso-de-privacidad\/","og_site_name":"Mar\u00eda del Roc\u00edo Drautz","article_modified_time":"2018-10-30T20:10:30+00:00","twitter_card":"summary_large_image","twitter_misc":{"Tiempo de lectura":"2 minutos"},"schema":{"@context":"https:\/\/schema.org","@graph":[{"@type":"WebSite","@id":"https:\/\/mrdrautz.de\/es\/#website","url":"https:\/\/mrdrautz.de\/es\/","name":"Mar\u00eda del Roc\u00edo Drautz","description":"Traductor &amp; Int\u00e9rprete","potentialAction":[{"@type":"SearchAction","target":{"@type":"EntryPoint","urlTemplate":"https:\/\/mrdrautz.de\/es\/?s={search_term_string}"},"query-input":"required name=search_term_string"}],"inLanguage":"es"},{"@type":"WebPage","@id":"https:\/\/mrdrautz.de\/es\/aviso-de-privacidad\/#webpage","url":"https:\/\/mrdrautz.de\/es\/aviso-de-privacidad\/","name":"Aviso de privacidad - Mar\u00eda del Roc\u00edo Drautz","isPartOf":{"@id":"https:\/\/mrdrautz.de\/es\/#website"},"datePublished":"2018-10-24T19:20:24+00:00","dateModified":"2018-10-30T20:10:30+00:00","breadcrumb":{"@id":"https:\/\/mrdrautz.de\/es\/aviso-de-privacidad\/#breadcrumb"},"inLanguage":"es","potentialAction":[{"@type":"ReadAction","target":["https:\/\/mrdrautz.de\/es\/aviso-de-privacidad\/"]}]},{"@type":"BreadcrumbList","@id":"https:\/\/mrdrautz.de\/es\/aviso-de-privacidad\/#breadcrumb","itemListElement":[{"@type":"ListItem","position":1,"name":"Startseite","item":"https:\/\/mrdrautz.de\/es\/"},{"@type":"ListItem","position":2,"name":"Aviso de privacidad"}]}]}},"_links":{"self":[{"href":"https:\/\/mrdrautz.de\/es\/wp-json\/wp\/v2\/pages\/59"}],"collection":[{"href":"https:\/\/mrdrautz.de\/es\/wp-json\/wp\/v2\/pages"}],"about":[{"href":"https:\/\/mrdrautz.de\/es\/wp-json\/wp\/v2\/types\/page"}],"author":[{"embeddable":true,"href":"https:\/\/mrdrautz.de\/es\/wp-json\/wp\/v2\/users\/1"}],"replies":[{"embeddable":true,"href":"https:\/\/mrdrautz.de\/es\/wp-json\/wp\/v2\/comments?post=59"}],"version-history":[{"count":7,"href":"https:\/\/mrdrautz.de\/es\/wp-json\/wp\/v2\/pages\/59\/revisions"}],"predecessor-version":[{"id":82,"href":"https:\/\/mrdrautz.de\/es\/wp-json\/wp\/v2\/pages\/59\/revisions\/82"}],"wp:attachment":[{"href":"https:\/\/mrdrautz.de\/es\/wp-json\/wp\/v2\/media?parent=59"}],"curies":[{"name":"wp","href":"https:\/\/api.w.org\/{rel}","templated":true}]}}